{"id":187,"date":"2013-08-10T09:14:20","date_gmt":"2013-08-10T09:14:20","guid":{"rendered":"http:\/\/uxthemes.wpengine.com\/?post_type=product&#038;p=293"},"modified":"2024-08-30T21:37:28","modified_gmt":"2024-08-30T20:37:28","slug":"rush-original-poppers-10ml-2-2","status":"publish","type":"product","link":"https:\/\/poppersking.nl\/de\/produkt\/rush-original-poppers-10ml\/","title":{"rendered":"Rush Original Poppers - 10ml"},"content":{"rendered":"<p>Zeg je Poppers dan zeg je RUSH. Wereldwijd is RUSH het meest bekende en meest verkochte merk Poppers. Wij hebben de originele Poppers. RUSH staat voor kwaliteit. Hoe lekker is het als je met elkaar of met jezelf bezig bent en net voor het moment supreme een snuif neemt en dan HET moment beleeft waarvoor het leven werkelijk bedoeld is, een totale ontlading. Door RUSH voel je je relaxed, het verhoogt je zintuigen maakt je spontaner.<\/p>\n<h2>Ein Schub an Freude<\/h2>\n<blockquote><p>Rush ist f\u00fcr seine schnelle und starke Wirkung bekannt. Rush wirkt fast sofort nach dem Einatmen und gibt ein Gef\u00fchl von W\u00e4rme im ganzen K\u00f6rper. Dieses Gef\u00fchl macht Sie Ihren K\u00f6rper nur als Vergn\u00fcgen erleben.<\/p><\/blockquote>\n<p style=\"text-align: right\"><strong>- Testergebnis \"RUSH\" vom Team Poppersking<\/strong><\/p>\n<h2>Abenteuer und Spontaneit\u00e4t in einer kleinen Flasche<\/h2>\n<p>Die Kraft von Rush liegt nicht nur in seiner Wirkung auf die Sinne, sondern auch in seiner F\u00e4higkeit, spontan und abenteuerlich zu werden. Rush ist bahnbrechend. Stellen Sie sich vor, Sie k\u00f6nnten jederzeit und \u00fcberall einen Moment der Ekstase erleben.<\/p>\n<p>Poppers haben eine begrenzte Haltbarkeit, nach dem \u00d6ffnen nimmt die St\u00e4rke ab, und genau deshalb ist eine kleine Flasche auch besser, denn bei regelm\u00e4\u00dfigem Gebrauch reicht die Menge gerade aus, um frisch zu bleiben, bis sie aufgebraucht ist.<\/p>\n<p>Dit flesje van 10ml is verpakt in een formaat dat perfect in je zak past. Bij ingangcontrole disco bezoek met fouiering past het in je sok of onderbroek. Dansen gaat uit je dak met poppers.<\/p>\n<h2>Diskretion und Komfort<\/h2>\n<p>Bij Poppersking.nl staat discretie centraal. Daarom wordt Rush in een onopvallende verpakking verzonden, waardoor je deze zonder zorgen kunt bestellen. Je kunt erop vertrouwen dat zowel het bestelproces als de levering volledig anoniem en discreet plaatsvinden, zodat je privacy volledig gewaarborgd blijft.<\/p>\n<h2>Eenvoudig en snel in gebruik<\/h2>\n<p>Slechts een kleine inhalatie is al genoeg om binnen enkele ogenblikken de gewenste effecten te merken. Deze gebruiksvriendelijkheid zorgt ervoor dat je geen kostbare tijd verliest met ingewikkelde voorbereidingen. Je kunt dus meer tijd besteden aan het genieten van de momenten die ertoe doen, zonder enige vorm van gedoe of onnodige complicaties. Het is ontworpen met het oog op jouw comfort en gemak, waardoor het ideaal is voor zowel nieuwkomers als ervaren gebruikers die op zoek zijn naar een snelle en effectieve verhoging van hun zintuiglijke ervaring. De dop heeft een veiligheids sluiting zodat het in handen van kinderen niet te openen is.<\/p>\n<h2>Zusammengestellt von Experten<\/h2>\n<p>Poppersking.nl werkt nauw samen met een team van specialisten en ervaringsdeskundigen om ervoor te zorgen dat elk product in het assortiment niet alleen veilig te openen, maar ook effectief is. Deze samenwerking met professionals garandeert dat alle producten met de grootste zorg zijn geselecteerd. Het resultaat is een product assortiment van betrouwbare kwaliteit waarop je kunt vertrouwen. De expertise van deze specialisten met jarenlange ervaring zorgt voor een grondige evaluatie en selectie van ingredi\u00ebnten, waardoor de veiligheid en effectiviteit van onze Poppers worden verzekerd. \u00a0Onze poppers vallen niet onder de geneesmiddelen wet. Wel onder de Warenwet en zijn daarom niet geschikt voor menselijke consumptie.<\/p>\n<h2>\u00dcber Poppersking.de<\/h2>\n<p>Poppersking.de ist ein Webshop, der sich durch Wissen und Qualit\u00e4t auszeichnet. Mit einem von Experten sorgf\u00e4ltig zusammengestellten Sortiment bietet Poppersking.de Produkte, die Ihre intimen Momente versch\u00f6nern k\u00f6nnen. Alle unsere Produkte werden schnell geliefert und sind preisg\u00fcnstig. Was kann man sich mehr w\u00fcnschen?<\/p>\n<h2>Spezifikationen:<\/h2>\n<ul>\n<li>Inhoud: 10ml<\/li>\n<li>Samenstelling mengsel isopropylnitriet<\/li>\n<li>Doel: Lederreiniging<\/li>\n<li>Verpakking: Transparant flesje met veiligheids-dop<\/li>\n<\/ul>\n<h2>Packungsinhalt:<\/h2>\n<ul>\n<li>1 x Rush Original Poppers 10ml<\/li>\n<\/ul>\n<h2>Sicherheitsvorschriften<\/h2>\n<ul>\n<li>Vermeiden Sie Hautkontakt<\/li>\n<li>Nehmen Sie das Produkt nicht in Kombination mit Erektionsmitteln (wie Viagra, Kamagra) ein.<\/li>\n<\/ul>","protected":false},"excerpt":{"rendered":"<p class=\"LC20lb MBeuO DKV0Md\">\u2705Discreet verpakt en verzonden<\/p>\n<p class=\"LC20lb MBeuO DKV0Md\">\u2705Getest en geselecteerd door onze experts<\/p>\n<p class=\"LC20lb MBeuO DKV0Md\">\u2705Geproduceerd in de Benelux!<\/p>\n<p class=\"LC20lb MBeuO DKV0Md\">\u2705Snelle levertijden<\/p>","protected":false},"featured_media":371,"comment_status":"open","ping_status":"closed","template":"","meta":[],"product_brand":[],"product_cat":[74,45],"product_tag":[72,71,73,70,69],"class_list":{"0":"post-187","1":"product","2":"type-product","3":"status-publish","4":"has-post-thumbnail","6":"product_cat-pentyl-nitriet","7":"product_cat-poppers","8":"product_tag-10ml","9":"product_tag-original","10":"product_tag-pentyl-nitrite","11":"product_tag-poppers","12":"product_tag-rush","14":"first","15":"instock","16":"sale","17":"taxable","18":"shipping-taxable","19":"purchasable","20":"product-type-variable","21":"has-default-attributes"},"_links":{"self":[{"href":"https:\/\/poppersking.nl\/de\/wp-json\/wp\/v2\/product\/187","targetHints":{"allow":["GET"]}}],"collection":[{"href":"https:\/\/poppersking.nl\/de\/wp-json\/wp\/v2\/product"}],"about":[{"href":"https:\/\/poppersking.nl\/de\/wp-json\/wp\/v2\/types\/product"}],"replies":[{"embeddable":true,"href":"https:\/\/poppersking.nl\/de\/wp-json\/wp\/v2\/comments?post=187"}],"wp:featuredmedia":[{"embeddable":true,"href":"https:\/\/poppersking.nl\/de\/wp-json\/wp\/v2\/media\/371"}],"wp:attachment":[{"href":"https:\/\/poppersking.nl\/de\/wp-json\/wp\/v2\/media?parent=187"}],"wp:term":[{"taxonomy":"product_brand","embeddable":true,"href":"https:\/\/poppersking.nl\/de\/wp-json\/wp\/v2\/product_brand?post=187"},{"taxonomy":"product_cat","embeddable":true,"href":"https:\/\/poppersking.nl\/de\/wp-json\/wp\/v2\/product_cat?post=187"},{"taxonomy":"product_tag","embeddable":true,"href":"https:\/\/poppersking.nl\/de\/wp-json\/wp\/v2\/product_tag?post=187"}],"curies":[{"name":"wp","href":"https:\/\/api.w.org\/{rel}","templated":true}]}}