{"id":190,"date":"2013-08-09T22:15:14","date_gmt":"2013-08-09T22:15:14","guid":{"rendered":"http:\/\/uxthemes.wpengine.com\/?post_type=product&#038;p=263"},"modified":"2024-09-12T16:44:36","modified_gmt":"2024-09-12T15:44:36","slug":"rush-original-poppers-24ml-2","status":"publish","type":"product","link":"https:\/\/poppersking.nl\/de\/produkt\/eilige-original-knallbonbons-24ml\/","title":{"rendered":"Rush Original Poppers - 24ml"},"content":{"rendered":"<p>Wenn du Poppers sagst, sagst du RUSH. RUSH ist weltweit die bekannteste und meistverkaufte Marke von Poppers. Wir haben die Original Poppers. RUSH steht f\u00fcr Qualit\u00e4t. Wie sch\u00f6n ist es, wenn man miteinander oder mit sich selbst besch\u00e4ftigt ist und kurz vor dem gro\u00dfen Moment einen Zug nimmt und DEN Moment erlebt, f\u00fcr den das Leben eigentlich gedacht ist, eine totale Entspannung. RUSH macht entspannt, sch\u00e4rft die Sinne und macht spontan.<\/p>\n<h2>Ein Schub an Freude<\/h2>\n<blockquote><p>Rush ist f\u00fcr seine schnelle und starke Wirkung bekannt. Rush wirkt fast sofort nach dem Einatmen und gibt ein Gef\u00fchl von W\u00e4rme im ganzen K\u00f6rper. Dieses Gef\u00fchl macht Sie Ihren K\u00f6rper nur als Vergn\u00fcgen erleben.<\/p><\/blockquote>\n<p>- Testergebnis \"RUSH\" vom Team Poppersking<\/p>\n<h2>Abenteuer und Spontaneit\u00e4t in einer kleinen Flasche<\/h2>\n<p>Die Kraft von Rush liegt nicht nur in seiner Wirkung auf die Sinne, sondern auch in seiner F\u00e4higkeit, spontan und abenteuerlich zu werden. Rush ist bahnbrechend. Stellen Sie sich vor, Sie k\u00f6nnten jederzeit und \u00fcberall einen Moment der Ekstase erleben.<\/p>\n<p>Poppers haben eine begrenzte Haltbarkeit, nach dem \u00d6ffnen nimmt die St\u00e4rke ab, und genau deshalb ist eine kleine Flasche auch besser, denn bei regelm\u00e4\u00dfigem Gebrauch reicht die Menge gerade aus, um frisch zu bleiben, bis sie aufgebraucht ist.<\/p>\n<h2>Diskretion und Komfort<\/h2>\n<p>Bei Poppersking.de ist Diskretion oberstes Gebot. Deshalb wird RUSH ORIGINAL Poppers in einer diskreten Verpackung verschickt, so dass Sie es ohne Bedenken bestellen k\u00f6nnen. Sie k\u00f6nnen sich darauf verlassen, dass sowohl der Bestellvorgang als auch die Lieferung v\u00f6llig anonym und diskret ablaufen, so dass Ihre Privatsph\u00e4re voll und ganz gew\u00e4hrleistet ist.<\/p>\n<h2>Zusammengestellt von Experten<\/h2>\n<p>Poppersking.de arbeitet eng mit einem Team von Fachleuten und erfahrenen Experten zusammen, um sicherzustellen, dass jedes Produkt im Sortiment nicht nur sicher, sondern auch wirksam ist. Diese Zusammenarbeit mit Fachleuten gew\u00e4hrleistet, dass alle Produkte mit gr\u00f6\u00dfter Sorgfalt formuliert werden. Das Ergebnis sind Poppers von zuverl\u00e4ssiger Qualit\u00e4t, denen Sie vertrauen k\u00f6nnen und die mit pers\u00f6nlichen Erfahrungen beschrieben wurden. Das Fachwissen dieser Spezialisten gew\u00e4hrleistet eine gr\u00fcndliche Bewertung und Auswahl der Inhaltsstoffe, um die Sicherheit und Wirksamkeit der RUSH ORIGINAL Poppers zu gew\u00e4hrleisten.<\/p>\n<h2>\u00dcber Poppersking.de<\/h2>\n<p>Poppersking.de ist ein Webshop, der sich durch Wissen und Qualit\u00e4t auszeichnet. Mit einem von Experten sorgf\u00e4ltig zusammengestellten Sortiment bietet Poppersking.de Produkte, die Ihre intimen Momente versch\u00f6nern k\u00f6nnen. Alle unsere Produkte werden schnell geliefert und sind preisg\u00fcnstig. Was kann man sich mehr w\u00fcnschen?<\/p>\n<h2>Spezifikationen:<\/h2>\n<ul>\n<li>Inhalt: 24ml.<\/li>\n<li>Pentylnitrit<\/li>\n<li>Verpackung: Transparente Flasche mit kindersicherem Verschluss.<\/li>\n<li>Lesen Sie das Merkblatt.<\/li>\n<li><strong>Vermeiden Sie den Kontakt mit der Fl\u00fcssigkeit<\/strong>.<\/li>\n<\/ul>\n<p>&nbsp;<\/p>\n<h2>Packungsinhalt:<\/h2>\n<ul>\n<li>1 x RUSH ORIGINAL Poppers 24ml<\/li>\n<li>Packungsbeilage<\/li>\n<\/ul>\n<p>&nbsp;<\/p>\n<p>&nbsp;<\/p>","protected":false},"excerpt":{"rendered":"<p>\u2705<strong>Diskret<\/strong> verpackt und versandt<br \/>\n\u2705<strong>Getestet<\/strong> und von unseren Experten ausgew\u00e4hlt<br \/>\n\u2705<strong>Produziert<\/strong> in den Benelux-L\u00e4ndern!<br \/>\n\u2705<strong>Schnell<\/strong> Lieferzeiten<\/p>","protected":false},"featured_media":370,"comment_status":"open","ping_status":"closed","template":"","meta":[],"product_brand":[],"product_cat":[74,45],"product_tag":[72,73,76,70,75],"class_list":{"0":"post-190","1":"product","2":"type-product","3":"status-publish","4":"has-post-thumbnail","6":"product_cat-pentyl-nitriet","7":"product_cat-poppers","8":"product_tag-10ml","9":"product_tag-pentyl-nitrite","10":"product_tag-pentylnitriet","11":"product_tag-poppers","12":"product_tag-super-rush","14":"first","15":"instock","16":"sale","17":"taxable","18":"shipping-taxable","19":"purchasable","20":"product-type-variable","21":"has-default-attributes"},"_links":{"self":[{"href":"https:\/\/poppersking.nl\/de\/wp-json\/wp\/v2\/product\/190","targetHints":{"allow":["GET"]}}],"collection":[{"href":"https:\/\/poppersking.nl\/de\/wp-json\/wp\/v2\/product"}],"about":[{"href":"https:\/\/poppersking.nl\/de\/wp-json\/wp\/v2\/types\/product"}],"replies":[{"embeddable":true,"href":"https:\/\/poppersking.nl\/de\/wp-json\/wp\/v2\/comments?post=190"}],"wp:featuredmedia":[{"embeddable":true,"href":"https:\/\/poppersking.nl\/de\/wp-json\/wp\/v2\/media\/370"}],"wp:attachment":[{"href":"https:\/\/poppersking.nl\/de\/wp-json\/wp\/v2\/media?parent=190"}],"wp:term":[{"taxonomy":"product_brand","embeddable":true,"href":"https:\/\/poppersking.nl\/de\/wp-json\/wp\/v2\/product_brand?post=190"},{"taxonomy":"product_cat","embeddable":true,"href":"https:\/\/poppersking.nl\/de\/wp-json\/wp\/v2\/product_cat?post=190"},{"taxonomy":"product_tag","embeddable":true,"href":"https:\/\/poppersking.nl\/de\/wp-json\/wp\/v2\/product_tag?post=190"}],"curies":[{"name":"wp","href":"https:\/\/api.w.org\/{rel}","templated":true}]}}