{"id":383,"date":"2024-04-04T16:22:12","date_gmt":"2024-04-04T15:22:12","guid":{"rendered":"https:\/\/poppersking.nl\/?post_type=product&#038;p=383"},"modified":"2025-10-29T20:48:40","modified_gmt":"2025-10-29T19:48:40","slug":"bb-amyl-black-label-poppers-24ml-2","status":"publish","type":"product","link":"https:\/\/poppersking.nl\/de\/produkt\/bb-amyl-black-label-poppers-24ml\/","title":{"rendered":"BB Amyl Black Label Poppers - 24ml"},"content":{"rendered":"<h1>BB AMYL - 24ml Was bewirkt es bei Ihnen?<\/h1>\n<p>Wir probieren unsere Popper immer zuerst selbst aus. Der Beweis ist der Pudding.<\/p>\n<blockquote><p>Diese poppers kommen in sehr solide, das ist wirklich ein Thump, der in kommt auch l\u00e4nger dauert als andere poppers. Diese poppers kommen in stark, Wow!<\/p>\n<p><strong>- Testergebnis \"BB AMYL\" vom Team Poppersking<\/strong><\/p><\/blockquote>\n<p>&nbsp;<\/p>\n<h2>Warum BB AMYL Poppers?<\/h2>\n<ul>\n<li><strong>Intensive Erfahrung<\/strong>Erh\u00f6ht das Gef\u00fchl w\u00e4hrend intimer Momente.<\/li>\n<li><strong>Extra breite \u00d6ffnung f\u00fcr mehr Duft<\/strong>.<\/li>\n<li><strong>Schneller Betrieb<\/strong>Sp\u00fcren Sie die Wirkung fast sofort. Gute Aufbauarbeit.<\/li>\n<li><strong>N\u00fctzlich: <\/strong>Eine 24-ml-Flasche ist relativ billiger als eine 10-ml-Flasche.<\/li>\n<li><strong>Diskreter Versand<\/strong>Ihre Privatsph\u00e4re ist garantiert.<\/li>\n<li><strong>Kompakte Gr\u00f6\u00dfe<\/strong>Einfach zum Mitnehmen f\u00fcr den Spa\u00df unterwegs.<\/li>\n<li><strong>Gesicherte Qualit\u00e4t<\/strong>: Von Experten ausgew\u00e4hlt und sicher in der Anwendung.<\/li>\n<\/ul>\n<h2><\/h2>\n<h2>Diskretion und Komfort<\/h2>\n<p>Bei Poppersking.de ist Diskretion oberstes Gebot. Deshalb wird BB AMYL Poppers in einer unauff\u00e4lligen Verpackung verschickt, so dass du es unbesorgt bestellen kannst. Sie k\u00f6nnen sich darauf verlassen, dass sowohl der Bestellvorgang als auch die Lieferung v\u00f6llig anonym und diskret ablaufen, sodass Ihre Privatsph\u00e4re voll und ganz gew\u00e4hrleistet ist.<\/p>\n<h2>Zusammengestellt von Experten<\/h2>\n<p>Poppersking.de arbeitet eng mit einem Team von Fachleuten und erfahrenen Experten zusammen, um sicherzustellen, dass jedes Produkt im Sortiment nicht nur sicher, sondern auch wirksam ist. Diese Zusammenarbeit mit Fachleuten gew\u00e4hrleistet, dass alle Produkte mit gr\u00f6\u00dfter Sorgfalt formuliert werden. Das Ergebnis sind Poppers von zuverl\u00e4ssiger Qualit\u00e4t, denen Sie vertrauen k\u00f6nnen und die mit pers\u00f6nlichen Erfahrungen beschrieben wurden. Das Fachwissen dieser Spezialisten sorgt f\u00fcr eine gr\u00fcndliche Bewertung und Auswahl der Inhaltsstoffe, um die Sicherheit und Wirksamkeit von BB AMYL Poppers zu gew\u00e4hrleisten.<\/p>\n<h2>\u00dcber Poppersking.de<\/h2>\n<p>Poppersking.de ist ein Webshop, der sich durch Wissen und Qualit\u00e4t auszeichnet. Mit einem von Experten sorgf\u00e4ltig zusammengestellten Sortiment bietet Poppersking.de Produkte, die Ihre intimen Momente versch\u00f6nern k\u00f6nnen. Alle unsere Produkte werden schnell geliefert und sind preisg\u00fcnstig. Was kann man sich mehr w\u00fcnschen?<\/p>\n<h2>Spezifikationen:<\/h2>\n<ul>\n<li>Inhalt: 24ml.<\/li>\n<li>Isoamylnitrit<\/li>\n<li>Verpackung: Transparente Flasche mit kindersicherem Verschluss.<\/li>\n<li>Lesen Sie das Merkblatt.<\/li>\n<li><strong>Vermeiden Sie den Kontakt mit der Fl\u00fcssigkeit<\/strong>.<\/li>\n<\/ul>\n<p>&nbsp;<\/p>\n<h2>Packungsinhalt:<\/h2>\n<ul>\n<li>1 x BB AMYL Poppers 24ml<\/li>\n<li>Packungsbeilage<\/li>\n<\/ul>\n<p>&nbsp;<\/p>\n<p>&nbsp;<\/p>","protected":false},"excerpt":{"rendered":"<p>BB AMYL &#8211; 24ml Wat doet die met je? Wij proberen onze poppers altijd eerst zelf uit. The proof is in the pudding. Deze poppers komen erg stevig binnen, dit is echt een dreun die binnenkomt blijft ook langer doorgaan dan andere poppers. Deze poppers komen fors binnen, Wauw! &#8211; Testuitslag \u201cBB AMYL\u201d van Team [&#8230;]\n","protected":false},"featured_media":384,"comment_status":"open","ping_status":"closed","template":"","meta":[],"product_brand":[],"product_cat":[77,45],"product_tag":[],"class_list":{"0":"post-383","1":"product","2":"type-product","3":"status-publish","4":"has-post-thumbnail","6":"product_cat-isoamyl-nitriet","7":"product_cat-poppers","9":"first","10":"instock","11":"sale","12":"taxable","13":"shipping-taxable","14":"purchasable","15":"product-type-variable"},"_links":{"self":[{"href":"https:\/\/poppersking.nl\/de\/wp-json\/wp\/v2\/product\/383","targetHints":{"allow":["GET"]}}],"collection":[{"href":"https:\/\/poppersking.nl\/de\/wp-json\/wp\/v2\/product"}],"about":[{"href":"https:\/\/poppersking.nl\/de\/wp-json\/wp\/v2\/types\/product"}],"replies":[{"embeddable":true,"href":"https:\/\/poppersking.nl\/de\/wp-json\/wp\/v2\/comments?post=383"}],"wp:featuredmedia":[{"embeddable":true,"href":"https:\/\/poppersking.nl\/de\/wp-json\/wp\/v2\/media\/384"}],"wp:attachment":[{"href":"https:\/\/poppersking.nl\/de\/wp-json\/wp\/v2\/media?parent=383"}],"wp:term":[{"taxonomy":"product_brand","embeddable":true,"href":"https:\/\/poppersking.nl\/de\/wp-json\/wp\/v2\/product_brand?post=383"},{"taxonomy":"product_cat","embeddable":true,"href":"https:\/\/poppersking.nl\/de\/wp-json\/wp\/v2\/product_cat?post=383"},{"taxonomy":"product_tag","embeddable":true,"href":"https:\/\/poppersking.nl\/de\/wp-json\/wp\/v2\/product_tag?post=383"}],"curies":[{"name":"wp","href":"https:\/\/api.w.org\/{rel}","templated":true}]}}