{"id":874,"date":"2024-05-31T18:09:22","date_gmt":"2024-05-31T17:09:22","guid":{"rendered":"https:\/\/poppersking.nl\/?post_type=product&#038;p=874"},"modified":"2024-08-21T14:57:05","modified_gmt":"2024-08-21T13:57:05","slug":"brutus-smart-automatische-penis-pomp","status":"publish","type":"product","link":"https:\/\/poppersking.nl\/es\/producto\/brutus-smart-automatische-penis-pomp\/","title":{"rendered":"Brutus Smart Automatische Penis Pomp"},"content":{"rendered":"<p><strong>Verhoog het genot en de opwinding van vacu\u00fcmpompen met deze geavanceerde elektronische pomp van BRUTUS!<\/strong><\/p>\n<p>Met slechts \u00e9\u00e9n druk op de knop kunt u met deze slimme automatische pomp van BRUTUS de vacu\u00fcmdruk eenvoudig verhogen of verlagen! Compatibel met alle BRUTUS GET BIGGER-cilinders en andere merkcilinders die dezelfde universele koppeling gebruiken.<\/p>\n<p>Deze elektronische pomp is echt SMART: naast zes voorgeprogrammeerde instellingen kunt u ook uw eigen persoonlijke gegevens invoeren om het meeste uit uw vacu\u00fcmpompsessie te halen.<\/p>\n<p>Het heldere LCD-scherm toont de resultaten in zowel bar als psi.<\/p>\n<p>De pomp beschikt over een USB-oplaadbare 700 mAh lithiumbatterij, met een oplaadtijd van 120 minuten en een gebruiksduur van 90 minuten.<\/p>\n<p>Niet geschikt voor gebruik bij natte omstandigheden.<\/p>","protected":false},"excerpt":{"rendered":"<ul>\n<li>Slimme automatische vacu\u00fcmpomp van BRUTUS<\/li>\n<li>Pas de vacu\u00fcmdruk eenvoudig aan met \u00e9\u00e9n druk op de knop<\/li>\n<li>Slimme technologie verhoogt het gebruiksplezier en de stimulatie<\/li>\n<li>Kies uit zes automatische programma\u2019s of stel je eigen voorkeuren in<\/li>\n<li>USB-oplaadbaar met helder LCD-scherm (weergeeft psi of bar)<\/li>\n<\/ul>","protected":false},"featured_media":875,"comment_status":"open","ping_status":"closed","template":"","meta":[],"product_brand":[],"product_cat":[105],"product_tag":[287,284,286,285],"class_list":{"0":"post-874","1":"product","2":"type-product","3":"status-publish","4":"has-post-thumbnail","6":"product_cat-penis-pompen","7":"product_tag-brutus","8":"product_tag-penis-pomp","9":"product_tag-penis-vergroter","10":"product_tag-vacuum-pomp","12":"first","13":"instock","14":"taxable","15":"shipping-taxable","16":"purchasable","17":"product-type-simple"},"_links":{"self":[{"href":"https:\/\/poppersking.nl\/es\/wp-json\/wp\/v2\/product\/874","targetHints":{"allow":["GET"]}}],"collection":[{"href":"https:\/\/poppersking.nl\/es\/wp-json\/wp\/v2\/product"}],"about":[{"href":"https:\/\/poppersking.nl\/es\/wp-json\/wp\/v2\/types\/product"}],"replies":[{"embeddable":true,"href":"https:\/\/poppersking.nl\/es\/wp-json\/wp\/v2\/comments?post=874"}],"wp:featuredmedia":[{"embeddable":true,"href":"https:\/\/poppersking.nl\/es\/wp-json\/wp\/v2\/media\/875"}],"wp:attachment":[{"href":"https:\/\/poppersking.nl\/es\/wp-json\/wp\/v2\/media?parent=874"}],"wp:term":[{"taxonomy":"product_brand","embeddable":true,"href":"https:\/\/poppersking.nl\/es\/wp-json\/wp\/v2\/product_brand?post=874"},{"taxonomy":"product_cat","embeddable":true,"href":"https:\/\/poppersking.nl\/es\/wp-json\/wp\/v2\/product_cat?post=874"},{"taxonomy":"product_tag","embeddable":true,"href":"https:\/\/poppersking.nl\/es\/wp-json\/wp\/v2\/product_tag?post=874"}],"curies":[{"name":"wp","href":"https:\/\/api.w.org\/{rel}","templated":true}]}}