{"id":187,"date":"2013-08-10T09:14:20","date_gmt":"2013-08-10T09:14:20","guid":{"rendered":"http:\/\/uxthemes.wpengine.com\/?post_type=product&#038;p=293"},"modified":"2024-08-30T21:37:28","modified_gmt":"2024-08-30T20:37:28","slug":"rush-original-poppers-10ml-2-2","status":"publish","type":"product","link":"https:\/\/poppersking.nl\/pt\/produto\/rush-original-poppers-10ml\/","title":{"rendered":"Rush Original Poppers - 10ml"},"content":{"rendered":"<p>Zeg je Poppers dan zeg je RUSH. Wereldwijd is RUSH het meest bekende en meest verkochte merk Poppers. Wij hebben de originele Poppers. RUSH staat voor kwaliteit. Hoe lekker is het als je met elkaar of met jezelf bezig bent en net voor het moment supreme een snuif neemt en dan HET moment beleeft waarvoor het leven werkelijk bedoeld is, een totale ontlading. Door RUSH voel je je relaxed, het verhoogt je zintuigen maakt je spontaner.<\/p>\n<h2>Um impulso de prazer<\/h2>\n<blockquote><p>O Rush \u00e9 conhecido pelo seu efeito r\u00e1pido e potente. O Rush actua quase imediatamente ap\u00f3s a inala\u00e7\u00e3o e d\u00e1 uma sensa\u00e7\u00e3o de calor em todo o corpo. Esta sensa\u00e7\u00e3o faz-te sentir o teu corpo apenas como prazer.<\/p><\/blockquote>\n<p style=\"text-align: right\"><strong>- Resultado do teste \"RUSH\" da equipa Poppersking<\/strong><\/p>\n<h2>Aventura e espontaneidade numa pequena garrafa<\/h2>\n<p>O poder de Rush n\u00e3o reside apenas no efeito que tem nos seus sentidos, mas tamb\u00e9m na sua capacidade de se tornar espont\u00e2neo e aventureiro. Rush \u00e9 inovador. Imagina poder experimentar um momento de \u00eaxtase em qualquer altura, onde quer que estejas.<\/p>\n<p>Os poppers t\u00eam um prazo de validade limitado, ap\u00f3s a abertura o seu poder diminui, e \u00e9 precisamente por isso que uma garrafa pequena tamb\u00e9m \u00e9 melhor, porque com uma utiliza\u00e7\u00e3o regular a quantidade \u00e9 apenas suficiente para se manter fresca at\u00e9 se esgotar.<\/p>\n<p>Dit flesje van 10ml is verpakt in een formaat dat perfect in je zak past. Bij ingangcontrole disco bezoek met fouiering past het in je sok of onderbroek. Dansen gaat uit je dak met poppers.<\/p>\n<h2>Discri\u00e7\u00e3o e conveni\u00eancia<\/h2>\n<p>Bij Poppersking.nl staat discretie centraal. Daarom wordt Rush in een onopvallende verpakking verzonden, waardoor je deze zonder zorgen kunt bestellen. Je kunt erop vertrouwen dat zowel het bestelproces als de levering volledig anoniem en discreet plaatsvinden, zodat je privacy volledig gewaarborgd blijft.<\/p>\n<h2>Eenvoudig en snel in gebruik<\/h2>\n<p>Slechts een kleine inhalatie is al genoeg om binnen enkele ogenblikken de gewenste effecten te merken. Deze gebruiksvriendelijkheid zorgt ervoor dat je geen kostbare tijd verliest met ingewikkelde voorbereidingen. Je kunt dus meer tijd besteden aan het genieten van de momenten die ertoe doen, zonder enige vorm van gedoe of onnodige complicaties. Het is ontworpen met het oog op jouw comfort en gemak, waardoor het ideaal is voor zowel nieuwkomers als ervaren gebruikers die op zoek zijn naar een snelle en effectieve verhoging van hun zintuiglijke ervaring. De dop heeft een veiligheids sluiting zodat het in handen van kinderen niet te openen is.<\/p>\n<h2>Compilado por especialistas<\/h2>\n<p>Poppersking.nl werkt nauw samen met een team van specialisten en ervaringsdeskundigen om ervoor te zorgen dat elk product in het assortiment niet alleen veilig te openen, maar ook effectief is. Deze samenwerking met professionals garandeert dat alle producten met de grootste zorg zijn geselecteerd. Het resultaat is een product assortiment van betrouwbare kwaliteit waarop je kunt vertrouwen. De expertise van deze specialisten met jarenlange ervaring zorgt voor een grondige evaluatie en selectie van ingredi\u00ebnten, waardoor de veiligheid en effectiviteit van onze Poppers worden verzekerd. \u00a0Onze poppers vallen niet onder de geneesmiddelen wet. Wel onder de Warenwet en zijn daarom niet geschikt voor menselijke consumptie.<\/p>\n<h2>Sobre Poppersking.co.uk<\/h2>\n<p>Poppersking.pt \u00e9 uma loja virtual orientada pelo conhecimento e pela qualidade. Com uma gama cuidadosamente selecionada por especialistas, Poppersking.pt oferece produtos que podem melhorar os seus momentos \u00edntimos. Todos os nossos produtos s\u00e3o entregues rapidamente e t\u00eam pre\u00e7os competitivos. Que mais pode desejar?<\/p>\n<h2>Especifica\u00e7\u00f5es:<\/h2>\n<ul>\n<li>Inhoud: 10ml<\/li>\n<li>Samenstelling mengsel isopropylnitriet<\/li>\n<li>Doel: Lederreiniging<\/li>\n<li>Verpakking: Transparant flesje met veiligheids-dop<\/li>\n<\/ul>\n<h2>Conte\u00fado da embalagem:<\/h2>\n<ul>\n<li>1 x Rush Original Poppers 10ml<\/li>\n<\/ul>\n<h2>Veiligheidsvoorschriften<\/h2>\n<ul>\n<li>Voorkom contact met de huid<\/li>\n<li>Neem het product niet in combinatie met erectiemiddelen (zoals Viagra, Kamagra).<\/li>\n<\/ul>","protected":false},"excerpt":{"rendered":"<p class=\"LC20lb MBeuO DKV0Md\">\u2705Discreet verpakt en verzonden<\/p>\n<p class=\"LC20lb MBeuO DKV0Md\">\u2705Getest en geselecteerd door onze experts<\/p>\n<p class=\"LC20lb MBeuO DKV0Md\">\u2705Geproduceerd in de Benelux!<\/p>\n<p class=\"LC20lb MBeuO DKV0Md\">\u2705Snelle levertijden<\/p>","protected":false},"featured_media":371,"comment_status":"open","ping_status":"closed","template":"","meta":[],"product_brand":[],"product_cat":[74,45],"product_tag":[72,71,73,70,69],"class_list":{"0":"post-187","1":"product","2":"type-product","3":"status-publish","4":"has-post-thumbnail","6":"product_cat-pentyl-nitriet","7":"product_cat-poppers","8":"product_tag-10ml","9":"product_tag-original","10":"product_tag-pentyl-nitrite","11":"product_tag-poppers","12":"product_tag-rush","14":"first","15":"instock","16":"sale","17":"taxable","18":"shipping-taxable","19":"purchasable","20":"product-type-variable","21":"has-default-attributes"},"_links":{"self":[{"href":"https:\/\/poppersking.nl\/pt\/wp-json\/wp\/v2\/product\/187","targetHints":{"allow":["GET"]}}],"collection":[{"href":"https:\/\/poppersking.nl\/pt\/wp-json\/wp\/v2\/product"}],"about":[{"href":"https:\/\/poppersking.nl\/pt\/wp-json\/wp\/v2\/types\/product"}],"replies":[{"embeddable":true,"href":"https:\/\/poppersking.nl\/pt\/wp-json\/wp\/v2\/comments?post=187"}],"wp:featuredmedia":[{"embeddable":true,"href":"https:\/\/poppersking.nl\/pt\/wp-json\/wp\/v2\/media\/371"}],"wp:attachment":[{"href":"https:\/\/poppersking.nl\/pt\/wp-json\/wp\/v2\/media?parent=187"}],"wp:term":[{"taxonomy":"product_brand","embeddable":true,"href":"https:\/\/poppersking.nl\/pt\/wp-json\/wp\/v2\/product_brand?post=187"},{"taxonomy":"product_cat","embeddable":true,"href":"https:\/\/poppersking.nl\/pt\/wp-json\/wp\/v2\/product_cat?post=187"},{"taxonomy":"product_tag","embeddable":true,"href":"https:\/\/poppersking.nl\/pt\/wp-json\/wp\/v2\/product_tag?post=187"}],"curies":[{"name":"wp","href":"https:\/\/api.w.org\/{rel}","templated":true}]}}