{"id":190,"date":"2013-08-09T22:15:14","date_gmt":"2013-08-09T22:15:14","guid":{"rendered":"http:\/\/uxthemes.wpengine.com\/?post_type=product&#038;p=263"},"modified":"2024-09-12T16:44:36","modified_gmt":"2024-09-12T15:44:36","slug":"rush-original-poppers-24ml-2","status":"publish","type":"product","link":"https:\/\/poppersking.nl\/pt\/produto\/rush-original-poppers-24ml\/","title":{"rendered":"Rush Original Poppers - 24ml"},"content":{"rendered":"<p>Quando se fala em Poppers, fala-se em RUSH. A n\u00edvel mundial, RUSH \u00e9 a marca de Poppers mais conhecida e mais vendida. N\u00f3s temos os Poppers originais. RUSH \u00e9 sin\u00f3nimo de qualidade. Como \u00e9 bom quando estamos ocupados uns com os outros ou connosco pr\u00f3prios e, mesmo antes do momento supremo, cheiramos um pouco e experimentamos o momento para o qual a vida foi realmente concebida, uma liberta\u00e7\u00e3o total. RUSH faz-nos sentir relaxados, aumenta os nossos sentidos e torna-nos mais espont\u00e2neos.<\/p>\n<h2>Um impulso de prazer<\/h2>\n<blockquote><p>O Rush \u00e9 conhecido pelo seu efeito r\u00e1pido e potente. O Rush actua quase imediatamente ap\u00f3s a inala\u00e7\u00e3o e d\u00e1 uma sensa\u00e7\u00e3o de calor em todo o corpo. Esta sensa\u00e7\u00e3o faz-te sentir o teu corpo apenas como prazer.<\/p><\/blockquote>\n<p>- Resultado do teste \"RUSH\" da equipa Poppersking<\/p>\n<h2>Aventura e espontaneidade numa pequena garrafa<\/h2>\n<p>O poder de Rush n\u00e3o reside apenas no efeito que tem nos seus sentidos, mas tamb\u00e9m na sua capacidade de se tornar espont\u00e2neo e aventureiro. Rush \u00e9 inovador. Imagina poder experimentar um momento de \u00eaxtase em qualquer altura, onde quer que estejas.<\/p>\n<p>Os poppers t\u00eam um prazo de validade limitado, ap\u00f3s a abertura o seu poder diminui, e \u00e9 precisamente por isso que uma garrafa pequena tamb\u00e9m \u00e9 melhor, porque com uma utiliza\u00e7\u00e3o regular a quantidade \u00e9 apenas suficiente para se manter fresca at\u00e9 se esgotar.<\/p>\n<h2>Discri\u00e7\u00e3o e conveni\u00eancia<\/h2>\n<p>Em Poppersking.pt, a discri\u00e7\u00e3o \u00e9 fundamental. \u00c9 por isso que o RUSH ORIGINAL Poppers \u00e9 enviado numa embalagem discreta, permitindo-lhe encomend\u00e1-lo sem preocupa\u00e7\u00f5es. Pode ter a certeza de que tanto o processo de encomenda como a entrega ser\u00e3o completamente an\u00f3nimos e discretos, pelo que a sua privacidade est\u00e1 totalmente garantida.<\/p>\n<h2>Compilado por especialistas<\/h2>\n<p>Poppersking.pt trabalha em estreita colabora\u00e7\u00e3o com uma equipa de especialistas e peritos em experi\u00eancia para garantir que todos os produtos da gama s\u00e3o n\u00e3o s\u00f3 seguros, mas tamb\u00e9m eficazes. Esta colabora\u00e7\u00e3o com profissionais garante que todos os produtos s\u00e3o formulados com o m\u00e1ximo cuidado. O resultado s\u00e3o poppers de qualidade fi\u00e1vel em que se pode confiar e que foram descritos com base na experi\u00eancia pessoal. A experi\u00eancia destes especialistas assegura uma avalia\u00e7\u00e3o e uma sele\u00e7\u00e3o exaustivas dos ingredientes, garantindo a seguran\u00e7a e a efic\u00e1cia dos Poppers RUSH ORIGINAL.<\/p>\n<h2>Sobre Poppersking.co.uk<\/h2>\n<p>Poppersking.pt \u00e9 uma loja virtual orientada pelo conhecimento e pela qualidade. Com uma gama cuidadosamente selecionada por especialistas, Poppersking.pt oferece produtos que podem melhorar os seus momentos \u00edntimos. Todos os nossos produtos s\u00e3o entregues rapidamente e t\u00eam pre\u00e7os competitivos. Que mais pode desejar?<\/p>\n<h2>Especifica\u00e7\u00f5es:<\/h2>\n<ul>\n<li>Conte\u00fado: 24ml.<\/li>\n<li>Nitrito de pentilo<\/li>\n<li>Embalagem: Frasco transparente com fecho de seguran\u00e7a para crian\u00e7as.<\/li>\n<li>Ler o folheto.<\/li>\n<li><strong>Evitar o contacto com o l\u00edquido<\/strong>.<\/li>\n<\/ul>\n<p>&nbsp;<\/p>\n<h2>Conte\u00fado da embalagem:<\/h2>\n<ul>\n<li>1 x RUSH ORIGINAL Poppers 24ml<\/li>\n<li>Folheto informativo<\/li>\n<\/ul>\n<p>&nbsp;<\/p>\n<p>&nbsp;<\/p>","protected":false},"excerpt":{"rendered":"<p>\u2705<strong>Discreto<\/strong> embalado e expedido<br \/>\n\u2705<strong>Testado<\/strong> e seleccionados pelos nossos especialistas<br \/>\n\u2705<strong>Produzido<\/strong> no Benelux!<br \/>\n\u2705<strong>R\u00e1pido<\/strong> prazos de entrega<\/p>","protected":false},"featured_media":370,"comment_status":"open","ping_status":"closed","template":"","meta":[],"product_brand":[],"product_cat":[74,45],"product_tag":[72,73,76,70,75],"class_list":{"0":"post-190","1":"product","2":"type-product","3":"status-publish","4":"has-post-thumbnail","6":"product_cat-pentyl-nitriet","7":"product_cat-poppers","8":"product_tag-10ml","9":"product_tag-pentyl-nitrite","10":"product_tag-pentylnitriet","11":"product_tag-poppers","12":"product_tag-super-rush","14":"first","15":"instock","16":"sale","17":"taxable","18":"shipping-taxable","19":"purchasable","20":"product-type-variable","21":"has-default-attributes"},"_links":{"self":[{"href":"https:\/\/poppersking.nl\/pt\/wp-json\/wp\/v2\/product\/190","targetHints":{"allow":["GET"]}}],"collection":[{"href":"https:\/\/poppersking.nl\/pt\/wp-json\/wp\/v2\/product"}],"about":[{"href":"https:\/\/poppersking.nl\/pt\/wp-json\/wp\/v2\/types\/product"}],"replies":[{"embeddable":true,"href":"https:\/\/poppersking.nl\/pt\/wp-json\/wp\/v2\/comments?post=190"}],"wp:featuredmedia":[{"embeddable":true,"href":"https:\/\/poppersking.nl\/pt\/wp-json\/wp\/v2\/media\/370"}],"wp:attachment":[{"href":"https:\/\/poppersking.nl\/pt\/wp-json\/wp\/v2\/media?parent=190"}],"wp:term":[{"taxonomy":"product_brand","embeddable":true,"href":"https:\/\/poppersking.nl\/pt\/wp-json\/wp\/v2\/product_brand?post=190"},{"taxonomy":"product_cat","embeddable":true,"href":"https:\/\/poppersking.nl\/pt\/wp-json\/wp\/v2\/product_cat?post=190"},{"taxonomy":"product_tag","embeddable":true,"href":"https:\/\/poppersking.nl\/pt\/wp-json\/wp\/v2\/product_tag?post=190"}],"curies":[{"name":"wp","href":"https:\/\/api.w.org\/{rel}","templated":true}]}}