{"id":881,"date":"2024-05-31T18:25:41","date_gmt":"2024-05-31T17:25:41","guid":{"rendered":"https:\/\/poppersking.nl\/?post_type=product&#038;p=881"},"modified":"2024-08-21T14:55:53","modified_gmt":"2024-08-21T13:55:53","slug":"colt-hefty-probe-insuflavel-butt-plug","status":"publish","type":"product","link":"https:\/\/poppersking.nl\/pt\/produto\/colt-hefty-probe-insuflavel-butt-plug\/","title":{"rendered":"Colt Hefty Probe - Tamp\u00e3o insufl\u00e1vel para o rabo"},"content":{"rendered":"<p>Este brinquedo sexual inovador foi concebido a pensar no seu m\u00e1ximo prazer. A constru\u00e7\u00e3o em silicone macio e flex\u00edvel garante um ajuste confort\u00e1vel, enquanto o design insufl\u00e1vel permite ajustar o tamanho de acordo com as suas necessidades e prefer\u00eancias. O material resistente garante seguran\u00e7a e durabilidade, para que possa desfrutar sem preocupa\u00e7\u00f5es. N\u00e3o se preocupe mais com desconforto ou inconveni\u00eancia durante os seus momentos \u00edntimos - com o Colt Hefty Probe, cada experi\u00eancia \u00e9 perfeitamente dimensionada.<\/p>\n<h2>Divers\u00e3o vers\u00e1til e adapt\u00e1vel<\/h2>\n<p>Experimente uma nova dimens\u00e3o de prazer com o vers\u00e1til e personaliz\u00e1vel Colt Hefty Probe - Insufl\u00e1vel Buttplug. Este brinquedo sexual \u00fanico permite-lhe ajustar a intensidade e o tamanho ao seu gosto. Quer seja um principiante ou um utilizador experiente, este plug anal adapta-se ao seu n\u00edvel de conforto. A bomba f\u00e1cil de utilizar permite-lhe insuflar o plug de forma r\u00e1pida e segura at\u00e9 ao tamanho desejado. O seu design vers\u00e1til tamb\u00e9m o torna ideal para uso a solo ou para aventuras excitantes com o seu parceiro. D\u00ea asas \u00e0 sua imagina\u00e7\u00e3o e descubra novas formas de se divertir.<\/p>\n<h2>Design discreto e f\u00e1cil de utilizar<\/h2>\n<p>O Colt Hefty Probe - Inflatable Buttplug combina um design discreto com caracter\u00edsticas f\u00e1ceis de utilizar para uma experi\u00eancia sem esfor\u00e7o e agrad\u00e1vel. O tamanho compacto facilita a arruma\u00e7\u00e3o e o transporte do plug, enquanto a sua apar\u00eancia discreta garante a m\u00e1xima privacidade. O plug anal est\u00e1 equipado com uma v\u00e1lvula f\u00e1cil de utilizar, permitindo libertar o ar rapidamente e retirar o plug quando terminar. Al\u00e9m disso, o material \u00e9 f\u00e1cil de limpar, pelo que ter\u00e1 sempre uma experi\u00eancia higi\u00e9nica e segura. Desfrute do m\u00e1ximo conforto e discri\u00e7\u00e3o com este inovador plug anal.<\/p>","protected":false},"excerpt":{"rendered":"<ul>\n<li>Experi\u00eancia de divers\u00e3o personaliz\u00e1vel<\/li>\n<li>Design discreto e seguro<\/li>\n<li>Buttplug insufl\u00e1vel vers\u00e1til<\/li>\n<li>Brinquedo sexual inovador<\/li>\n<\/ul>","protected":false},"featured_media":882,"comment_status":"open","ping_status":"closed","template":"","meta":[],"product_brand":[],"product_cat":[109],"product_tag":[270,283,282,247],"class_list":{"0":"post-881","1":"product","2":"type-product","3":"status-publish","4":"has-post-thumbnail","6":"product_cat-buttplugs","7":"product_tag-buttplug","8":"product_tag-colt-hefty-probe","9":"product_tag-inflatable","10":"product_tag-opblaasbaar","12":"first","13":"instock","14":"taxable","15":"shipping-taxable","16":"purchasable","17":"product-type-simple"},"_links":{"self":[{"href":"https:\/\/poppersking.nl\/pt\/wp-json\/wp\/v2\/product\/881","targetHints":{"allow":["GET"]}}],"collection":[{"href":"https:\/\/poppersking.nl\/pt\/wp-json\/wp\/v2\/product"}],"about":[{"href":"https:\/\/poppersking.nl\/pt\/wp-json\/wp\/v2\/types\/product"}],"replies":[{"embeddable":true,"href":"https:\/\/poppersking.nl\/pt\/wp-json\/wp\/v2\/comments?post=881"}],"wp:featuredmedia":[{"embeddable":true,"href":"https:\/\/poppersking.nl\/pt\/wp-json\/wp\/v2\/media\/882"}],"wp:attachment":[{"href":"https:\/\/poppersking.nl\/pt\/wp-json\/wp\/v2\/media?parent=881"}],"wp:term":[{"taxonomy":"product_brand","embeddable":true,"href":"https:\/\/poppersking.nl\/pt\/wp-json\/wp\/v2\/product_brand?post=881"},{"taxonomy":"product_cat","embeddable":true,"href":"https:\/\/poppersking.nl\/pt\/wp-json\/wp\/v2\/product_cat?post=881"},{"taxonomy":"product_tag","embeddable":true,"href":"https:\/\/poppersking.nl\/pt\/wp-json\/wp\/v2\/product_tag?post=881"}],"curies":[{"name":"wp","href":"https:\/\/api.w.org\/{rel}","templated":true}]}}